{"id":98,"date":"2025-06-26T01:19:21","date_gmt":"2025-06-26T01:19:21","guid":{"rendered":"https:\/\/test.cozyistanbul.com.tr\/?page_id=98"},"modified":"2025-07-31T19:50:04","modified_gmt":"2025-07-31T19:50:04","slug":"journal","status":"publish","type":"page","link":"https:\/\/cozyistanbul.com.tr\/tr\/journal\/","title":{"rendered":"journal"},"content":{"rendered":"<div data-elementor-type=\"wp-page\" data-elementor-id=\"98\" class=\"elementor elementor-98\" data-elementor-post-type=\"page\">\n\t\t\t\t<div class=\"elementor-element elementor-element-5eded14 e-con-full e-flex e-con e-parent\" data-id=\"5eded14\" data-element_type=\"container\" data-settings=\"{&quot;background_background&quot;:&quot;classic&quot;,&quot;background_motion_fx_motion_fx_mouse&quot;:&quot;yes&quot;}\">\n\t\t<div class=\"elementor-element elementor-element-9ad100f e-con-full e-flex e-con e-child\" data-id=\"9ad100f\" data-element_type=\"container\">\n\t\t\t\t<div class=\"elementor-element elementor-element-08a3e41 elementor-hidden-mobile elementor-widget elementor-widget-heading\" data-id=\"08a3e41\" data-element_type=\"widget\" data-widget_type=\"heading.default\">\n\t\t\t\t<div class=\"elementor-widget-container\">\n\t\t\t\t\t<h1 class=\"elementor-heading-title elementor-size-default\">(<\/h1>\t\t\t\t<\/div>\n\t\t\t\t<\/div>\n\t\t\t\t<\/div>\n\t\t<div class=\"elementor-element elementor-element-f56c926 e-con-full e-flex e-con e-child\" data-id=\"f56c926\" data-element_type=\"container\">\n\t\t\t\t<div class=\"elementor-element elementor-element-03053ad elementor-widget elementor-widget-heading\" data-id=\"03053ad\" data-element_type=\"widget\" data-widget_type=\"heading.default\">\n\t\t\t\t<div class=\"elementor-widget-container\">\n\t\t\t\t\t<h1 class=\"elementor-heading-title elementor-size-default translation-block\">DUVARLARIN<br>\n\u00d6TES\u0130<\/h1>\t\t\t\t<\/div>\n\t\t\t\t<\/div>\n\t\t\t\t<\/div>\n\t\t<div class=\"elementor-element elementor-element-0c12bcc e-con-full e-flex e-con e-child\" data-id=\"0c12bcc\" data-element_type=\"container\">\n\t\t\t\t<div class=\"elementor-element elementor-element-a127f1f elementor-hidden-mobile elementor-widget elementor-widget-heading\" data-id=\"a127f1f\" data-element_type=\"widget\" data-widget_type=\"heading.default\">\n\t\t\t\t<div class=\"elementor-widget-container\">\n\t\t\t\t\t<h1 class=\"elementor-heading-title elementor-size-default\">)<\/h1>\t\t\t\t<\/div>\n\t\t\t\t<\/div>\n\t\t\t\t<\/div>\n\t\t\t\t<\/div>\n\t\t<div class=\"elementor-element elementor-element-2d53d57 elementor-hidden-tablet elementor-hidden-mobile e-flex e-con-boxed e-con e-parent\" data-id=\"2d53d57\" data-element_type=\"container\">\n\t\t\t\t\t<div class=\"e-con-inner\">\n\t\t<div class=\"elementor-element elementor-element-37ad1be e-con-full e-flex e-con e-child\" data-id=\"37ad1be\" data-element_type=\"container\">\n\t\t\t\t<div class=\"elementor-element elementor-element-6891c79 elementor-widget elementor-widget-text-editor\" data-id=\"6891c79\" data-element_type=\"widget\" data-widget_type=\"text-editor.default\">\n\t\t\t\t<div class=\"elementor-widget-container\">\n\t\t\t\t\t\t\t\t\t<p>Esk Reyn<\/p>\t\t\t\t\t\t\t\t<\/div>\n\t\t\t\t<\/div>\n\t\t\t\t<\/div>\n\t\t<div class=\"elementor-element elementor-element-bb10f94 e-con-full e-flex e-con e-child\" data-id=\"bb10f94\" data-element_type=\"container\">\n\t\t\t\t<div class=\"elementor-element elementor-element-a196e6d elementor-widget elementor-widget-text-editor\" data-id=\"a196e6d\" data-element_type=\"widget\" data-widget_type=\"text-editor.default\">\n\t\t\t\t<div class=\"elementor-widget-container\">\n\t\t\t\t\t\t\t\t\t<p>Untitled<\/p>\t\t\t\t\t\t\t\t<\/div>\n\t\t\t\t<\/div>\n\t\t\t\t<\/div>\n\t\t<div class=\"elementor-element elementor-element-f1ab5cf e-con-full e-flex e-con e-child\" data-id=\"f1ab5cf\" data-element_type=\"container\">\n\t\t\t\t<div class=\"elementor-element elementor-element-a02e1ce elementor-widget elementor-widget-text-editor\" data-id=\"a02e1ce\" data-element_type=\"widget\" data-widget_type=\"text-editor.default\">\n\t\t\t\t<div class=\"elementor-widget-container\">\n\t\t\t\t\t\t\t\t\t<p>2024<\/p>\t\t\t\t\t\t\t\t<\/div>\n\t\t\t\t<\/div>\n\t\t\t\t<\/div>\n\t\t<div class=\"elementor-element elementor-element-a64c9fd e-con-full e-flex e-con e-child\" data-id=\"a64c9fd\" data-element_type=\"container\">\n\t\t\t\t<div class=\"elementor-element elementor-element-90c2466 elementor-widget elementor-widget-text-editor\" data-id=\"90c2466\" data-element_type=\"widget\" data-widget_type=\"text-editor.default\">\n\t\t\t\t<div class=\"elementor-widget-container\">\n\t\t\t\t\t\t\t\t\t<p>Acrylic and pastel on wall<\/p>\t\t\t\t\t\t\t\t<\/div>\n\t\t\t\t<\/div>\n\t\t\t\t<\/div>\n\t\t<div class=\"elementor-element elementor-element-3a20868 e-con-full e-flex e-con e-child\" data-id=\"3a20868\" data-element_type=\"container\">\n\t\t\t\t<div class=\"elementor-element elementor-element-14991b2 elementor-widget elementor-widget-text-editor\" data-id=\"14991b2\" data-element_type=\"widget\" data-widget_type=\"text-editor.default\">\n\t\t\t\t<div class=\"elementor-widget-container\">\n\t\t\t\t\t\t\t\t\t<p>265 x 339 cm<\/p>\t\t\t\t\t\t\t\t<\/div>\n\t\t\t\t<\/div>\n\t\t\t\t<\/div>\n\t\t\t\t\t<\/div>\n\t\t\t\t<\/div>\n\t\t<div class=\"elementor-element elementor-element-2686049 elementor-hidden-tablet elementor-hidden-mobile e-flex e-con-boxed e-con e-parent\" data-id=\"2686049\" data-element_type=\"container\">\n\t\t\t\t\t<div class=\"e-con-inner\">\n\t\t<div class=\"elementor-element elementor-element-9695055 e-con-full e-flex e-con e-child\" data-id=\"9695055\" data-element_type=\"container\">\n\t\t\t\t<div class=\"elementor-element elementor-element-a296422 elementor-widget elementor-widget-text-editor\" data-id=\"a296422\" data-element_type=\"widget\" data-widget_type=\"text-editor.default\">\n\t\t\t\t<div class=\"elementor-widget-container\">\n\t\t\t\t\t\t\t\t\t<p>Esk Reyn<\/p>\t\t\t\t\t\t\t\t<\/div>\n\t\t\t\t<\/div>\n\t\t\t\t<\/div>\n\t\t<div class=\"elementor-element elementor-element-9a556b5 e-con-full e-flex e-con e-child\" data-id=\"9a556b5\" data-element_type=\"container\">\n\t\t\t\t<div class=\"elementor-element elementor-element-27a03a3 elementor-widget elementor-widget-text-editor\" data-id=\"27a03a3\" data-element_type=\"widget\" data-widget_type=\"text-editor.default\">\n\t\t\t\t<div class=\"elementor-widget-container\">\n\t\t\t\t\t\t\t\t\t<p>Untitled<\/p>\t\t\t\t\t\t\t\t<\/div>\n\t\t\t\t<\/div>\n\t\t\t\t<\/div>\n\t\t<div class=\"elementor-element elementor-element-778f959 e-con-full e-flex e-con e-child\" data-id=\"778f959\" data-element_type=\"container\">\n\t\t\t\t<div class=\"elementor-element elementor-element-59c5081 elementor-widget elementor-widget-text-editor\" data-id=\"59c5081\" data-element_type=\"widget\" data-widget_type=\"text-editor.default\">\n\t\t\t\t<div class=\"elementor-widget-container\">\n\t\t\t\t\t\t\t\t\t<p>2024<\/p>\t\t\t\t\t\t\t\t<\/div>\n\t\t\t\t<\/div>\n\t\t\t\t<\/div>\n\t\t<div class=\"elementor-element elementor-element-ace0d30 e-con-full e-flex e-con e-child\" data-id=\"ace0d30\" data-element_type=\"container\">\n\t\t\t\t<div class=\"elementor-element elementor-element-feaec61 elementor-widget elementor-widget-text-editor\" data-id=\"feaec61\" data-element_type=\"widget\" data-widget_type=\"text-editor.default\">\n\t\t\t\t<div class=\"elementor-widget-container\">\n\t\t\t\t\t\t\t\t\t<p>Acrylic and pastel on wall<\/p>\t\t\t\t\t\t\t\t<\/div>\n\t\t\t\t<\/div>\n\t\t\t\t<\/div>\n\t\t<div class=\"elementor-element elementor-element-6c22187 e-con-full e-flex e-con e-child\" data-id=\"6c22187\" data-element_type=\"container\">\n\t\t\t\t<div class=\"elementor-element elementor-element-b89c9a5 elementor-widget elementor-widget-text-editor\" data-id=\"b89c9a5\" data-element_type=\"widget\" data-widget_type=\"text-editor.default\">\n\t\t\t\t<div class=\"elementor-widget-container\">\n\t\t\t\t\t\t\t\t\t<p>265 x 339 cm<\/p>\t\t\t\t\t\t\t\t<\/div>\n\t\t\t\t<\/div>\n\t\t\t\t<\/div>\n\t\t\t\t\t<\/div>\n\t\t\t\t<\/div>\n\t\t<div class=\"elementor-element elementor-element-d421291 elementor-hidden-tablet elementor-hidden-mobile e-flex e-con-boxed e-con e-parent\" data-id=\"d421291\" data-element_type=\"container\">\n\t\t\t\t\t<div class=\"e-con-inner\">\n\t\t<div class=\"elementor-element elementor-element-3899301 e-con-full e-flex e-con e-child\" data-id=\"3899301\" data-element_type=\"container\">\n\t\t\t\t<div class=\"elementor-element elementor-element-0a3781c elementor-widget elementor-widget-text-editor\" data-id=\"0a3781c\" data-element_type=\"widget\" data-widget_type=\"text-editor.default\">\n\t\t\t\t<div class=\"elementor-widget-container\">\n\t\t\t\t\t\t\t\t\t<p>Esk Reyn<\/p>\t\t\t\t\t\t\t\t<\/div>\n\t\t\t\t<\/div>\n\t\t\t\t<\/div>\n\t\t<div class=\"elementor-element elementor-element-b19a510 e-con-full e-flex e-con e-child\" data-id=\"b19a510\" data-element_type=\"container\">\n\t\t\t\t<div class=\"elementor-element elementor-element-878a5c7 elementor-widget elementor-widget-text-editor\" data-id=\"878a5c7\" data-element_type=\"widget\" data-widget_type=\"text-editor.default\">\n\t\t\t\t<div class=\"elementor-widget-container\">\n\t\t\t\t\t\t\t\t\t<p>Untitled<\/p>\t\t\t\t\t\t\t\t<\/div>\n\t\t\t\t<\/div>\n\t\t\t\t<\/div>\n\t\t<div class=\"elementor-element elementor-element-46aee0e e-con-full e-flex e-con e-child\" data-id=\"46aee0e\" data-element_type=\"container\">\n\t\t\t\t<div class=\"elementor-element elementor-element-6322614 elementor-widget elementor-widget-text-editor\" data-id=\"6322614\" data-element_type=\"widget\" data-widget_type=\"text-editor.default\">\n\t\t\t\t<div class=\"elementor-widget-container\">\n\t\t\t\t\t\t\t\t\t<p>2024<\/p>\t\t\t\t\t\t\t\t<\/div>\n\t\t\t\t<\/div>\n\t\t\t\t<\/div>\n\t\t<div class=\"elementor-element elementor-element-06268a4 e-con-full e-flex e-con e-child\" data-id=\"06268a4\" data-element_type=\"container\">\n\t\t\t\t<div class=\"elementor-element elementor-element-27854c8 elementor-widget elementor-widget-text-editor\" data-id=\"27854c8\" data-element_type=\"widget\" data-widget_type=\"text-editor.default\">\n\t\t\t\t<div class=\"elementor-widget-container\">\n\t\t\t\t\t\t\t\t\t<p>Acrylic and pastel on wall<\/p>\t\t\t\t\t\t\t\t<\/div>\n\t\t\t\t<\/div>\n\t\t\t\t<\/div>\n\t\t<div class=\"elementor-element elementor-element-b3f8f52 e-con-full e-flex e-con e-child\" data-id=\"b3f8f52\" data-element_type=\"container\">\n\t\t\t\t<div class=\"elementor-element elementor-element-7414f7c elementor-widget elementor-widget-text-editor\" data-id=\"7414f7c\" data-element_type=\"widget\" data-widget_type=\"text-editor.default\">\n\t\t\t\t<div class=\"elementor-widget-container\">\n\t\t\t\t\t\t\t\t\t<p>265 x 339 cm<\/p>\t\t\t\t\t\t\t\t<\/div>\n\t\t\t\t<\/div>\n\t\t\t\t<\/div>\n\t\t\t\t\t<\/div>\n\t\t\t\t<\/div>\n\t\t<div class=\"elementor-element elementor-element-2e963e1 e-flex e-con-boxed e-con e-parent\" data-id=\"2e963e1\" data-element_type=\"container\">\n\t\t\t\t\t<div class=\"e-con-inner\">\n\t\t\t\t<div class=\"elementor-element elementor-element-e809183 elementor-widget elementor-widget-heading\" data-id=\"e809183\" data-element_type=\"widget\" data-widget_type=\"heading.default\">\n\t\t\t\t<div class=\"elementor-widget-container\">\n\t\t\t\t\t<h2 class=\"elementor-heading-title elementor-size-default\">Esk Reyn<\/h2>\t\t\t\t<\/div>\n\t\t\t\t<\/div>\n\t\t\t\t\t<\/div>\n\t\t\t\t<\/div>\n\t\t<div class=\"elementor-element elementor-element-e136f3c e-flex e-con-boxed e-con e-parent\" data-id=\"e136f3c\" data-element_type=\"container\" data-settings=\"{&quot;background_background&quot;:&quot;classic&quot;}\">\n\t\t\t\t\t<div class=\"e-con-inner\">\n\t\t\t\t<div class=\"elementor-element elementor-element-db218e9 elementor-widget elementor-widget-text-editor\" data-id=\"db218e9\" data-element_type=\"widget\" data-widget_type=\"text-editor.default\">\n\t\t\t\t<div class=\"elementor-widget-container\">\n\t\t\t\t\t\t\t\t\t<p>Baz\u0131 eserler sadece duvarlarda ya\u015famaz; ait olduklar\u0131 yer tam olarak oras\u0131 olur.<\/p>\t\t\t\t\t\t\t\t<\/div>\n\t\t\t\t<\/div>\n\t\t\t\t<div class=\"elementor-element elementor-element-70e3ba9 elementor-widget elementor-widget-text-editor\" data-id=\"70e3ba9\" data-element_type=\"widget\" data-widget_type=\"text-editor.default\">\n\t\t\t\t<div class=\"elementor-widget-container\">\n\t\t\t\t\t\t\t\t\t<p>\u00c7ocukluk an\u0131lar\u0131n\u0131z\u0131n bir kutuda sakland\u0131\u011f\u0131n\u0131 ya da bir \u00e7izime d\u00f6n\u00fc\u015ft\u00fc\u011f\u00fcn\u00fc hayal edin. Onlar\u0131n da her zaman ait oldu\u011fu bir yer vard\u0131r. Cozy i\u00e7in Esk Reyn\u2019in duvar resmi tam olarak b\u00f6yle: sanki en ba\u015f\u0131ndan beri oradaym\u0131\u015f gibi, mek\u00e2n\u0131n bir par\u00e7as\u0131 olarak konumlanan, kusursuzca yerine oturan bir par\u00e7a.<\/p><p>T\u00fcrkiye\u2019de mural sanat\u0131n\u0131n \u00f6nc\u00fc isimlerinden Esk Reyn, \u00f6zg\u00fcn g\u00f6rsel dili ve ak\u0131\u015fkan formlar\u0131yla Cozy\u2019nin duvar\u0131na hayat verdi. Duvar \u00fczerindeki \u015fekiller konu\u015fmaya ba\u015fl\u0131yor, \u00e7izgiler nefes al\u0131yor, renkler bize bir \u015feyleri hat\u0131rlat\u0131yor. Onun yolculu\u011fu, Cozy\u2019nin hen\u00fcz ne sesi ne rengi ne de e\u015fyas\u0131 varken; sadece bir duvar, birka\u00e7 kelime ve bir hisle ba\u015flad\u0131.<\/p><p>Sessizli\u011fin tam ortas\u0131nda, soyut fikirlerin ve hayal edilen geleceklerin aras\u0131nda Esk Reyn tan\u0131d\u0131k bir duyguyu resmetti. Mural gibi ad\u0131n\u0131 kolay indirgeyebilece\u011finiz bir eserden ziyade; bir eve yak\u0131n hissettiren bir duygunun kendisi oldu.<\/p><p>Mek\u00e2n, atmosfer, perspektif\u2026 Esk Reyn ile Cozy\u2019nin bu kadar do\u011fal bulu\u015fmas\u0131n\u0131n ard\u0131ndaki \u00fc\u00e7 kelime bunlar. Bizi en ba\u015fa g\u00f6t\u00fcr\u00fcyorlar. Cozy\u2019nin hen\u00fcz bir fikir oldu\u011fu, duvarlar\u0131n bombo\u015f durdu\u011fu, her \u015feyin sadece kelimelerden ibaret oldu\u011fu zamana. Ve i\u015fte o kelimeler, \u015fimdi, onlar\u0131n soyut vaadinde, Esk Reyn mek\u00e2n\u0131n ruhunu nas\u0131l bir \u015feye d\u00f6n\u00fc\u015fece\u011fine kimse bilmezken bulu\u015fmas\u0131n\u0131 sa\u011flad\u0131.<br><br>\nBir evin duvarlar\u0131na an\u0131 b\u0131rak\u0131r gibi, Esk Reyn kendi d\u00fcnyas\u0131n\u0131 pastel ve akriliklerle Cozy\u2019ye ta\u015f\u0131d\u0131. An\u0131, his ve varl\u0131k; \u015fekillerin i\u00e7ine i\u015fledi.\nArt\u0131k bu sadece bir duvar de\u011fil. Mek\u00e2na ait bir katman. Zamanla birlikte ya\u015flanan, ya\u015fayan ve hat\u0131rlayan bir par\u00e7a.<\/p>\t\t\t\t\t\t\t\t<\/div>\n\t\t\t\t<\/div>\n\t\t\t\t<div class=\"elementor-element elementor-element-572e5df elementor-widget elementor-widget-text-editor\" data-id=\"572e5df\" data-element_type=\"widget\" data-widget_type=\"text-editor.default\">\n\t\t\t\t<div class=\"elementor-widget-container\">\n\t\t\t\t\t\t\t\t\t<p>Esk Reyn<br \/>Untitled<br \/>2024<br \/>Acrylic and pastel on wall<br \/>265 x 339 cm<\/p>\t\t\t\t\t\t\t\t<\/div>\n\t\t\t\t<\/div>\n\t\t\t\t\t<\/div>\n\t\t\t\t<\/div>\n\t\t\t\t<\/div>","protected":false},"excerpt":{"rendered":"<p>( BEYOND THE WALLS ) Esk Reyn Untitled 2024 Acrylic and pastel on wall 265 x 339 cm Esk Reyn Untitled 2024 Acrylic and pastel on wall 265 x 339 cm Esk Reyn Untitled 2024 Acrylic and pastel on wall 265 x 339 cm Esk Reyn Some artworks don\u2019t just live on walls, they belong [&hellip;]<\/p>","protected":false},"author":1,"featured_media":0,"parent":0,"menu_order":0,"comment_status":"closed","ping_status":"closed","template":"elementor_header_footer","meta":{"footnotes":""},"class_list":["post-98","page","type-page","status-publish","hentry"],"_links":{"self":[{"href":"https:\/\/cozyistanbul.com.tr\/tr\/wp-json\/wp\/v2\/pages\/98","targetHints":{"allow":["GET"]}}],"collection":[{"href":"https:\/\/cozyistanbul.com.tr\/tr\/wp-json\/wp\/v2\/pages"}],"about":[{"href":"https:\/\/cozyistanbul.com.tr\/tr\/wp-json\/wp\/v2\/types\/page"}],"author":[{"embeddable":true,"href":"https:\/\/cozyistanbul.com.tr\/tr\/wp-json\/wp\/v2\/users\/1"}],"replies":[{"embeddable":true,"href":"https:\/\/cozyistanbul.com.tr\/tr\/wp-json\/wp\/v2\/comments?post=98"}],"version-history":[{"count":100,"href":"https:\/\/cozyistanbul.com.tr\/tr\/wp-json\/wp\/v2\/pages\/98\/revisions"}],"predecessor-version":[{"id":625,"href":"https:\/\/cozyistanbul.com.tr\/tr\/wp-json\/wp\/v2\/pages\/98\/revisions\/625"}],"wp:attachment":[{"href":"https:\/\/cozyistanbul.com.tr\/tr\/wp-json\/wp\/v2\/media?parent=98"}],"curies":[{"name":"wp","href":"https:\/\/api.w.org\/{rel}","templated":true}]}}