{"id":35,"date":"2025-06-25T22:04:17","date_gmt":"2025-06-25T22:04:17","guid":{"rendered":"https:\/\/test.cozyistanbul.com.tr\/?page_id=35"},"modified":"2025-07-31T19:51:03","modified_gmt":"2025-07-31T19:51:03","slug":"home","status":"publish","type":"page","link":"https:\/\/cozyistanbul.com.tr\/tr\/","title":{"rendered":"Home"},"content":{"rendered":"<div data-elementor-type=\"wp-page\" data-elementor-id=\"35\" class=\"elementor elementor-35\" data-elementor-post-type=\"page\">\n\t\t\t\t<div class=\"elementor-element elementor-element-2a5f519 e-con-full e-flex e-con e-parent\" data-id=\"2a5f519\" data-element_type=\"container\">\n\t\t\t\t<div class=\"elementor-element elementor-element-1f2bcf3 elementor-view-default elementor-widget elementor-widget-icon\" data-id=\"1f2bcf3\" data-element_type=\"widget\" data-widget_type=\"icon.default\">\n\t\t\t\t<div class=\"elementor-widget-container\">\n\t\t\t\t\t\t\t<div class=\"elementor-icon-wrapper\">\n\t\t\t<a class=\"elementor-icon\" href=\"#booking\">\n\t\t\t<svg aria-hidden=\"true\" class=\"e-font-icon-svg e-fas-chevron-down\" viewbox=\"0 0 448 512\" xmlns=\"http:\/\/www.w3.org\/2000\/svg\"><path d=\"M207.029 381.476L12.686 187.132c-9.373-9.373-9.373-24.569 0-33.941l22.667-22.667c9.357-9.357 24.522-9.375 33.901-.04L224 284.505l154.745-154.021c9.379-9.335 24.544-9.317 33.901.04l22.667 22.667c9.373 9.373 9.373 24.569 0 33.941L240.971 381.476c-9.373 9.372-24.569 9.372-33.942 0z\"><\/path><\/svg>\t\t\t<\/a>\n\t\t<\/div>\n\t\t\t\t\t\t<\/div>\n\t\t\t\t<\/div>\n\t\t\t\t<\/div>\n\t\t<div class=\"elementor-element elementor-element-225a7b5 e-flex e-con-boxed e-con e-parent\" data-id=\"225a7b5\" data-element_type=\"container\" data-settings=\"{&quot;background_background&quot;:&quot;classic&quot;}\">\n\t\t\t\t\t<div class=\"e-con-inner\">\n\t\t\t\t<div class=\"elementor-element elementor-element-9ddf4f3 elementor-align-center elementor-widget elementor-widget-button\" data-id=\"9ddf4f3\" data-element_type=\"widget\" data-widget_type=\"button.default\">\n\t\t\t\t<div class=\"elementor-widget-container\">\n\t\t\t\t\t\t\t\t\t<div class=\"elementor-button-wrapper\">\n\t\t\t\t\t<a class=\"elementor-button elementor-button-link elementor-size-sm\" href=\"#booking\">\n\t\t\t\t\t\t<span class=\"elementor-button-content-wrapper\">\n\t\t\t\t\t\t\t\t\t<span class=\"elementor-button-text\">Rezervasyon Yap<\/span>\n\t\t\t\t\t<\/span>\n\t\t\t\t\t<\/a>\n\t\t\t\t<\/div>\n\t\t\t\t\t\t\t\t<\/div>\n\t\t\t\t<\/div>\n\t\t\t\t\t<\/div>\n\t\t\t\t<\/div>\n\t\t<div class=\"elementor-element elementor-element-f0788f2 e-flex e-con-boxed e-con e-parent\" data-id=\"f0788f2\" data-element_type=\"container\" data-settings=\"{&quot;background_background&quot;:&quot;classic&quot;}\">\n\t\t\t\t\t<div class=\"e-con-inner\">\n\t\t<div class=\"elementor-element elementor-element-5ad3881 e-con-full e-flex e-con e-child\" data-id=\"5ad3881\" data-element_type=\"container\" id=\"booking\">\n\t\t\t\t<div class=\"elementor-element elementor-element-d61dc09 elementor-widget elementor-widget-image\" data-id=\"d61dc09\" data-element_type=\"widget\" data-widget_type=\"image.default\">\n\t\t\t\t<div class=\"elementor-widget-container\">\n\t\t\t\t\t\t\t\t\t\t\t\t\t\t\t<img fetchpriority=\"high\" decoding=\"async\" width=\"463\" height=\"694\" src=\"https:\/\/cozyistanbul.com.tr\/wp-content\/uploads\/2025\/07\/h1.jpg\" class=\"attachment-full size-full wp-image-277\" alt=\"\" srcset=\"https:\/\/cozyistanbul.com.tr\/wp-content\/uploads\/2025\/07\/h1.jpg 463w, https:\/\/cozyistanbul.com.tr\/wp-content\/uploads\/2025\/07\/h1-200x300.jpg 200w, https:\/\/cozyistanbul.com.tr\/wp-content\/uploads\/2025\/07\/h1-8x12.jpg 8w\" sizes=\"(max-width: 463px) 100vw, 463px\" \/>\t\t\t\t\t\t\t\t\t\t\t\t\t\t\t<\/div>\n\t\t\t\t<\/div>\n\t\t\t\t<div class=\"elementor-element elementor-element-d827325 elementor-align-center elementor-widget elementor-widget-button\" data-id=\"d827325\" data-element_type=\"widget\" data-widget_type=\"button.default\">\n\t\t\t\t<div class=\"elementor-widget-container\">\n\t\t\t\t\t\t\t\t\t<div class=\"elementor-button-wrapper\">\n\t\t\t\t\t<a class=\"elementor-button elementor-button-link elementor-size-sm\" href=\"\/tr\/reservation\/\">\n\t\t\t\t\t\t<span class=\"elementor-button-content-wrapper\">\n\t\t\t\t\t\t\t\t\t<span class=\"elementor-button-text\">Reservation<\/span>\n\t\t\t\t\t<\/span>\n\t\t\t\t\t<\/a>\n\t\t\t\t<\/div>\n\t\t\t\t\t\t\t\t<\/div>\n\t\t\t\t<\/div>\n\t\t\t\t<\/div>\n\t\t<div class=\"elementor-element elementor-element-f34570b e-con-full e-flex e-con e-child\" data-id=\"f34570b\" data-element_type=\"container\">\n\t\t\t\t<div class=\"elementor-element elementor-element-a869446 elementor-widget elementor-widget-image\" data-id=\"a869446\" data-element_type=\"widget\" data-widget_type=\"image.default\">\n\t\t\t\t<div class=\"elementor-widget-container\">\n\t\t\t\t\t\t\t\t\t\t\t\t\t\t\t<img decoding=\"async\" width=\"463\" height=\"694\" src=\"https:\/\/cozyistanbul.com.tr\/wp-content\/uploads\/2025\/07\/h2.jpg\" class=\"attachment-full size-full wp-image-278\" alt=\"\" srcset=\"https:\/\/cozyistanbul.com.tr\/wp-content\/uploads\/2025\/07\/h2.jpg 463w, https:\/\/cozyistanbul.com.tr\/wp-content\/uploads\/2025\/07\/h2-200x300.jpg 200w, https:\/\/cozyistanbul.com.tr\/wp-content\/uploads\/2025\/07\/h2-8x12.jpg 8w\" sizes=\"(max-width: 463px) 100vw, 463px\" \/>\t\t\t\t\t\t\t\t\t\t\t\t\t\t\t<\/div>\n\t\t\t\t<\/div>\n\t\t\t\t<div class=\"elementor-element elementor-element-c471ef2 elementor-align-center elementor-widget elementor-widget-button\" data-id=\"c471ef2\" data-element_type=\"widget\" data-widget_type=\"button.default\">\n\t\t\t\t<div class=\"elementor-widget-container\">\n\t\t\t\t\t\t\t\t\t<div class=\"elementor-button-wrapper\">\n\t\t\t\t\t<a class=\"elementor-button elementor-button-link elementor-size-sm\" href=\"\/tr\/reservation\/\">\n\t\t\t\t\t\t<span class=\"elementor-button-content-wrapper\">\n\t\t\t\t\t\t\t\t\t<span class=\"elementor-button-text\">Cozy Close One Ol<\/span>\n\t\t\t\t\t<\/span>\n\t\t\t\t\t<\/a>\n\t\t\t\t<\/div>\n\t\t\t\t\t\t\t\t<\/div>\n\t\t\t\t<\/div>\n\t\t\t\t<\/div>\n\t\t<div class=\"elementor-element elementor-element-180cb96 e-con-full e-flex e-con e-child\" data-id=\"180cb96\" data-element_type=\"container\">\n\t\t\t\t<div class=\"elementor-element elementor-element-65afc36 elementor-widget elementor-widget-image\" data-id=\"65afc36\" data-element_type=\"widget\" data-widget_type=\"image.default\">\n\t\t\t\t<div class=\"elementor-widget-container\">\n\t\t\t\t\t\t\t\t\t\t\t\t\t\t\t<img decoding=\"async\" width=\"463\" height=\"694\" src=\"https:\/\/cozyistanbul.com.tr\/wp-content\/uploads\/2025\/07\/h3.jpg\" class=\"attachment-full size-full wp-image-279\" alt=\"\" srcset=\"https:\/\/cozyistanbul.com.tr\/wp-content\/uploads\/2025\/07\/h3.jpg 463w, https:\/\/cozyistanbul.com.tr\/wp-content\/uploads\/2025\/07\/h3-200x300.jpg 200w, https:\/\/cozyistanbul.com.tr\/wp-content\/uploads\/2025\/07\/h3-8x12.jpg 8w\" sizes=\"(max-width: 463px) 100vw, 463px\" \/>\t\t\t\t\t\t\t\t\t\t\t\t\t\t\t<\/div>\n\t\t\t\t<\/div>\n\t\t\t\t<div class=\"elementor-element elementor-element-bbafbc9 elementor-align-center elementor-widget elementor-widget-button\" data-id=\"bbafbc9\" data-element_type=\"widget\" data-widget_type=\"button.default\">\n\t\t\t\t<div class=\"elementor-widget-container\">\n\t\t\t\t\t\t\t\t\t<div class=\"elementor-button-wrapper\">\n\t\t\t\t\t<a class=\"elementor-button elementor-button-link elementor-size-sm\" href=\"\/tr\/journal\/\">\n\t\t\t\t\t\t<span class=\"elementor-button-content-wrapper\">\n\t\t\t\t\t\t\t\t\t<span class=\"elementor-button-text\">Journal<\/span>\n\t\t\t\t\t<\/span>\n\t\t\t\t\t<\/a>\n\t\t\t\t<\/div>\n\t\t\t\t\t\t\t\t<\/div>\n\t\t\t\t<\/div>\n\t\t\t\t<\/div>\n\t\t<div class=\"elementor-element elementor-element-f922002 e-con-full e-flex e-con e-child\" data-id=\"f922002\" data-element_type=\"container\">\n\t\t\t\t<div class=\"elementor-element elementor-element-5fc995b elementor-widget elementor-widget-image\" data-id=\"5fc995b\" data-element_type=\"widget\" data-widget_type=\"image.default\">\n\t\t\t\t<div class=\"elementor-widget-container\">\n\t\t\t\t\t\t\t\t\t\t\t\t\t\t\t<img loading=\"lazy\" decoding=\"async\" width=\"463\" height=\"694\" src=\"https:\/\/cozyistanbul.com.tr\/wp-content\/uploads\/2025\/07\/h4.jpg\" class=\"attachment-full size-full wp-image-280\" alt=\"\" srcset=\"https:\/\/cozyistanbul.com.tr\/wp-content\/uploads\/2025\/07\/h4.jpg 463w, https:\/\/cozyistanbul.com.tr\/wp-content\/uploads\/2025\/07\/h4-200x300.jpg 200w, https:\/\/cozyistanbul.com.tr\/wp-content\/uploads\/2025\/07\/h4-8x12.jpg 8w\" sizes=\"(max-width: 463px) 100vw, 463px\" \/>\t\t\t\t\t\t\t\t\t\t\t\t\t\t\t<\/div>\n\t\t\t\t<\/div>\n\t\t\t\t<div class=\"elementor-element elementor-element-451ea64 elementor-align-center elementor-widget elementor-widget-button\" data-id=\"451ea64\" data-element_type=\"widget\" data-widget_type=\"button.default\">\n\t\t\t\t<div class=\"elementor-widget-container\">\n\t\t\t\t\t\t\t\t\t<div class=\"elementor-button-wrapper\">\n\t\t\t\t\t<a class=\"elementor-button elementor-button-link elementor-size-sm\" href=\"\/tr\/menu\/\">\n\t\t\t\t\t\t<span class=\"elementor-button-content-wrapper\">\n\t\t\t\t\t\t\t\t\t<span class=\"elementor-button-text\">Men\u00fc<\/span>\n\t\t\t\t\t<\/span>\n\t\t\t\t\t<\/a>\n\t\t\t\t<\/div>\n\t\t\t\t\t\t\t\t<\/div>\n\t\t\t\t<\/div>\n\t\t\t\t<\/div>\n\t\t\t\t\t<\/div>\n\t\t\t\t<\/div>\n\t\t<div class=\"elementor-element elementor-element-c4025e5 e-flex e-con-boxed e-con e-parent\" data-id=\"c4025e5\" data-element_type=\"container\" data-settings=\"{&quot;background_background&quot;:&quot;classic&quot;}\">\n\t\t\t\t\t<div class=\"e-con-inner\">\n\t\t\t\t<div class=\"elementor-element elementor-element-a440e29 elementor-widget elementor-widget-text-editor\" data-id=\"a440e29\" data-element_type=\"widget\" data-widget_type=\"text-editor.default\">\n\t\t\t\t<div class=\"elementor-widget-container\">\n\t\t\t\t\t\t\t\t\t<p>40 y\u0131ll\u0131k bir Etiler villas\u0131nda, \u0130talyan zarafetinden, yerel ruhtan ve \u00f6zenle haz\u0131rlanm\u0131\u015f lezzetlerden\nilham alan Cozy; tam da o \u2018evde hissetme\u2019 duygusuyla kar\u015f\u0131l\u0131yor sizi. Sade ama \u00f6zel bir ka\u00e7\u0131\u015f\u0131n s\u0131cakl\u0131\u011f\u0131n\u0131 sofralara ta\u015f\u0131yor.<\/p>\t\t\t\t\t\t\t\t<\/div>\n\t\t\t\t<\/div>\n\t\t\t\t\t<\/div>\n\t\t\t\t<\/div>\n\t\t<div class=\"elementor-element elementor-element-322ac70 e-con-full elementor-hidden-desktop elementor-hidden-tablet elementor-hidden-mobile e-flex e-con e-parent\" data-id=\"322ac70\" data-element_type=\"container\" id=\"booking\">\n\t\t<div class=\"elementor-element elementor-element-26eb3aa e-con-full e-flex e-con e-child\" data-id=\"26eb3aa\" data-element_type=\"container\" data-settings=\"{&quot;background_background&quot;:&quot;classic&quot;}\">\n\t\t\t\t<div class=\"elementor-element elementor-element-ba3a35b elementor-widget elementor-widget-image\" data-id=\"ba3a35b\" data-element_type=\"widget\" data-widget_type=\"image.default\">\n\t\t\t\t<div class=\"elementor-widget-container\">\n\t\t\t\t\t\t\t\t\t\t\t\t\t\t\t\t<a href=\"\/tr\/reservation\/\">\n\t\t\t\t\t\t\t<img loading=\"lazy\" decoding=\"async\" width=\"250\" height=\"289\" src=\"https:\/\/cozyistanbul.com.tr\/wp-content\/uploads\/2025\/06\/Asset-8.png\" class=\"elementor-animation-pulse attachment-full size-full wp-image-108\" alt=\"\" \/>\t\t\t\t\t\t\t\t<\/a>\n\t\t\t\t\t\t\t\t\t\t\t\t\t\t\t<\/div>\n\t\t\t\t<\/div>\n\t\t\t\t<div class=\"elementor-element elementor-element-52c820d elementor-widget elementor-widget-heading\" data-id=\"52c820d\" data-element_type=\"widget\" data-widget_type=\"heading.default\">\n\t\t\t\t<div class=\"elementor-widget-container\">\n\t\t\t\t\t<h1 class=\"elementor-heading-title elementor-size-default\"><a href=\"\/tr\/reservation\/\">rezervasyon<\/a><\/h1>\t\t\t\t<\/div>\n\t\t\t\t<\/div>\n\t\t\t\t<\/div>\n\t\t<div class=\"elementor-element elementor-element-665a96e e-con-full e-flex e-con e-child\" data-id=\"665a96e\" data-element_type=\"container\" data-settings=\"{&quot;background_background&quot;:&quot;classic&quot;}\">\n\t\t\t\t<div class=\"elementor-element elementor-element-efb4221 elementor-widget elementor-widget-image\" data-id=\"efb4221\" data-element_type=\"widget\" data-widget_type=\"image.default\">\n\t\t\t\t<div class=\"elementor-widget-container\">\n\t\t\t\t\t\t\t\t\t\t\t\t\t\t\t\t<a href=\"\/tr\/menu\/\">\n\t\t\t\t\t\t\t<img loading=\"lazy\" decoding=\"async\" width=\"250\" height=\"289\" src=\"https:\/\/cozyistanbul.com.tr\/wp-content\/uploads\/2025\/06\/Asset-8.png\" class=\"elementor-animation-pulse attachment-full size-full wp-image-108\" alt=\"\" \/>\t\t\t\t\t\t\t\t<\/a>\n\t\t\t\t\t\t\t\t\t\t\t\t\t\t\t<\/div>\n\t\t\t\t<\/div>\n\t\t\t\t<div class=\"elementor-element elementor-element-5ed9221 elementor-widget elementor-widget-heading\" data-id=\"5ed9221\" data-element_type=\"widget\" data-widget_type=\"heading.default\">\n\t\t\t\t<div class=\"elementor-widget-container\">\n\t\t\t\t\t<h1 class=\"elementor-heading-title elementor-size-default\"><a href=\"\/tr\/menu\/\">men\u00fc<\/a><\/h1>\t\t\t\t<\/div>\n\t\t\t\t<\/div>\n\t\t\t\t<\/div>\n\t\t<div class=\"elementor-element elementor-element-b9d375f e-con-full e-flex e-con e-child\" data-id=\"b9d375f\" data-element_type=\"container\" data-settings=\"{&quot;background_background&quot;:&quot;classic&quot;}\">\n\t\t\t\t<div class=\"elementor-element elementor-element-5e68b23 elementor-widget elementor-widget-image\" data-id=\"5e68b23\" data-element_type=\"widget\" data-widget_type=\"image.default\">\n\t\t\t\t<div class=\"elementor-widget-container\">\n\t\t\t\t\t\t\t\t\t\t\t\t\t\t\t\t<a href=\"\/tr\/journal\/\">\n\t\t\t\t\t\t\t<img loading=\"lazy\" decoding=\"async\" width=\"250\" height=\"289\" src=\"https:\/\/cozyistanbul.com.tr\/wp-content\/uploads\/2025\/06\/Asset-8.png\" class=\"elementor-animation-pulse attachment-full size-full wp-image-108\" alt=\"\" \/>\t\t\t\t\t\t\t\t<\/a>\n\t\t\t\t\t\t\t\t\t\t\t\t\t\t\t<\/div>\n\t\t\t\t<\/div>\n\t\t\t\t<div class=\"elementor-element elementor-element-235924a elementor-widget elementor-widget-heading\" data-id=\"235924a\" data-element_type=\"widget\" data-widget_type=\"heading.default\">\n\t\t\t\t<div class=\"elementor-widget-container\">\n\t\t\t\t\t<h1 class=\"elementor-heading-title elementor-size-default\"><a href=\"\/tr\/journal\/\">journal<\/a><\/h1>\t\t\t\t<\/div>\n\t\t\t\t<\/div>\n\t\t\t\t<\/div>\n\t\t<div class=\"elementor-element elementor-element-3d79c5c e-con-full e-flex e-con e-child\" data-id=\"3d79c5c\" data-element_type=\"container\" data-settings=\"{&quot;background_background&quot;:&quot;classic&quot;}\">\n\t\t\t\t<div class=\"elementor-element elementor-element-c952de7 elementor-widget elementor-widget-image\" data-id=\"c952de7\" data-element_type=\"widget\" data-widget_type=\"image.default\">\n\t\t\t\t<div class=\"elementor-widget-container\">\n\t\t\t\t\t\t\t\t\t\t\t\t\t\t\t\t<a href=\"\/tr\/cozy-close-ones\/\">\n\t\t\t\t\t\t\t<img loading=\"lazy\" decoding=\"async\" width=\"250\" height=\"289\" src=\"https:\/\/cozyistanbul.com.tr\/wp-content\/uploads\/2025\/06\/Asset-8.png\" class=\"elementor-animation-pulse attachment-full size-full wp-image-108\" alt=\"\" \/>\t\t\t\t\t\t\t\t<\/a>\n\t\t\t\t\t\t\t\t\t\t\t\t\t\t\t<\/div>\n\t\t\t\t<\/div>\n\t\t\t\t<div class=\"elementor-element elementor-element-b4da2d5 elementor-widget elementor-widget-heading\" data-id=\"b4da2d5\" data-element_type=\"widget\" data-widget_type=\"heading.default\">\n\t\t\t\t<div class=\"elementor-widget-container\">\n\t\t\t\t\t<h1 class=\"elementor-heading-title elementor-size-default\"><a href=\"\/tr\/cozy-close-ones\/\">cozy close ones<\/a><\/h1>\t\t\t\t<\/div>\n\t\t\t\t<\/div>\n\t\t\t\t<\/div>\n\t\t\t\t<\/div>\n\t\t<div class=\"elementor-element elementor-element-79b89a7 e-flex e-con-boxed e-con e-parent\" data-id=\"79b89a7\" data-element_type=\"container\" data-settings=\"{&quot;background_background&quot;:&quot;classic&quot;}\">\n\t\t\t\t\t<div class=\"e-con-inner\">\n\t\t<div class=\"elementor-element elementor-element-92f74b0 e-con-full e-flex e-con e-child\" data-id=\"92f74b0\" data-element_type=\"container\">\n\t\t\t\t<div class=\"elementor-element elementor-element-b5ad814 elementor-widget elementor-widget-heading\" data-id=\"b5ad814\" data-element_type=\"widget\" data-widget_type=\"heading.default\">\n\t\t\t\t<div class=\"elementor-widget-container\">\n\t\t\t\t\t<h1 class=\"elementor-heading-title elementor-size-default\">CLOSENESS<br>\nINTIMACY <br>\nBELONGING <br>\nTRUST<\/h1>\t\t\t\t<\/div>\n\t\t\t\t<\/div>\n\t\t\t\t<\/div>\n\t\t<div class=\"elementor-element elementor-element-44dde4b e-grid e-con-full e-con e-child\" data-id=\"44dde4b\" data-element_type=\"container\">\n\t\t\t\t<div class=\"elementor-element elementor-element-80a974a elementor-hidden-desktop elementor-widget elementor-widget-heading\" data-id=\"80a974a\" data-element_type=\"widget\" data-widget_type=\"heading.default\">\n\t\t\t\t<div class=\"elementor-widget-container\">\n\t\t\t\t\t<h2 class=\"elementor-heading-title elementor-size-default\">BE THE<\/h2>\t\t\t\t<\/div>\n\t\t\t\t<\/div>\n\t\t\t\t<div class=\"elementor-element elementor-element-5e6ef89 elementor-hidden-tablet elementor-hidden-mobile elementor-widget elementor-widget-heading\" data-id=\"5e6ef89\" data-element_type=\"widget\" data-widget_type=\"heading.default\">\n\t\t\t\t<div class=\"elementor-widget-container\">\n\t\t\t\t\t<h2 class=\"elementor-heading-title elementor-size-default\">BE THE(<\/h2>\t\t\t\t<\/div>\n\t\t\t\t<\/div>\n\t\t\t\t<div class=\"elementor-element elementor-element-be99811 elementor-widget elementor-widget-image\" data-id=\"be99811\" data-element_type=\"widget\" data-widget_type=\"image.default\">\n\t\t\t\t<div class=\"elementor-widget-container\">\n\t\t\t\t\t\t\t\t\t\t\t\t\t\t\t<img loading=\"lazy\" decoding=\"async\" width=\"250\" height=\"289\" src=\"https:\/\/cozyistanbul.com.tr\/wp-content\/uploads\/2025\/06\/Asset-8.png\" class=\"attachment-full size-full wp-image-108\" alt=\"\" \/>\t\t\t\t\t\t\t\t\t\t\t\t\t\t\t<\/div>\n\t\t\t\t<\/div>\n\t\t\t\t<div class=\"elementor-element elementor-element-c6512a5 elementor-hidden-desktop elementor-widget elementor-widget-heading\" data-id=\"c6512a5\" data-element_type=\"widget\" data-widget_type=\"heading.default\">\n\t\t\t\t<div class=\"elementor-widget-container\">\n\t\t\t\t\t<h2 class=\"elementor-heading-title elementor-size-default\">CLOSE <\/h2>\t\t\t\t<\/div>\n\t\t\t\t<\/div>\n\t\t\t\t<div class=\"elementor-element elementor-element-8e39fd5 elementor-hidden-tablet elementor-hidden-mobile elementor-widget elementor-widget-heading\" data-id=\"8e39fd5\" data-element_type=\"widget\" data-widget_type=\"heading.default\">\n\t\t\t\t<div class=\"elementor-widget-container\">\n\t\t\t\t\t<h2 class=\"elementor-heading-title elementor-size-default\">)CLOSE <\/h2>\t\t\t\t<\/div>\n\t\t\t\t<\/div>\n\t\t\t\t<\/div>\n\t\t<div class=\"elementor-element elementor-element-f4020fe e-con-full e-flex e-con e-child\" data-id=\"f4020fe\" data-element_type=\"container\">\n\t\t\t\t<div class=\"elementor-element elementor-element-d7677ee elementor-widget elementor-widget-heading\" data-id=\"d7677ee\" data-element_type=\"widget\" data-widget_type=\"heading.default\">\n\t\t\t\t<div class=\"elementor-widget-container\">\n\t\t\t\t\t<h1 class=\"elementor-heading-title elementor-size-default\">CLOSENESS<br>\nINTIMACY <br>\nBELONGING <br>\nTRUST<\/h1>\t\t\t\t<\/div>\n\t\t\t\t<\/div>\n\t\t\t\t<\/div>\n\t\t\t\t\t<\/div>\n\t\t\t\t<\/div>\n\t\t\t\t<\/div>","protected":false},"excerpt":{"rendered":"<p>Book a table Reservation Close Ones Journal Menu Inspired by an escape of Italian ease, local soul, and refined in-house dishes in a 40 years old villa at Etiler, Cozy offers a warm welcome at the heart of its flavors, carrying the simple joy of feeling at home. reservation menu journal cozy close ones CLOSENESS [&hellip;]<\/p>","protected":false},"author":1,"featured_media":0,"parent":0,"menu_order":0,"comment_status":"closed","ping_status":"closed","template":"elementor_header_footer","meta":{"footnotes":""},"class_list":["post-35","page","type-page","status-publish","hentry"],"_links":{"self":[{"href":"https:\/\/cozyistanbul.com.tr\/tr\/wp-json\/wp\/v2\/pages\/35","targetHints":{"allow":["GET"]}}],"collection":[{"href":"https:\/\/cozyistanbul.com.tr\/tr\/wp-json\/wp\/v2\/pages"}],"about":[{"href":"https:\/\/cozyistanbul.com.tr\/tr\/wp-json\/wp\/v2\/types\/page"}],"author":[{"embeddable":true,"href":"https:\/\/cozyistanbul.com.tr\/tr\/wp-json\/wp\/v2\/users\/1"}],"replies":[{"embeddable":true,"href":"https:\/\/cozyistanbul.com.tr\/tr\/wp-json\/wp\/v2\/comments?post=35"}],"version-history":[{"count":115,"href":"https:\/\/cozyistanbul.com.tr\/tr\/wp-json\/wp\/v2\/pages\/35\/revisions"}],"predecessor-version":[{"id":628,"href":"https:\/\/cozyistanbul.com.tr\/tr\/wp-json\/wp\/v2\/pages\/35\/revisions\/628"}],"wp:attachment":[{"href":"https:\/\/cozyistanbul.com.tr\/tr\/wp-json\/wp\/v2\/media?parent=35"}],"curies":[{"name":"wp","href":"https:\/\/api.w.org\/{rel}","templated":true}]}}